{"id":102,"date":"2015-10-07T09:26:43","date_gmt":"2015-10-07T09:26:43","guid":{"rendered":"http:\/\/demo.shufflehound.com\/maskitto-light-blue\/?page_id=102"},"modified":"2020-08-22T11:47:01","modified_gmt":"2020-08-22T09:47:01","slug":"contact","status":"publish","type":"page","link":"https:\/\/deltabike.pl\/index.php\/contact\/","title":{"rendered":"Kontakt"},"content":{"rendered":"<table>\n<tbody>\n<tr>\n<td style=\"vertical-align: middle;\">\n<p style=\"text-align: center;\"><strong><br \/>\nW\u0142a\u015bcicielem marki Deltabike jest:<\/strong><\/p>\n<p style=\"text-align: center;\">Biuro Techniczno-Handlowe ECO-TECH s.c.<br \/>\n44-100 Gliwice, ul. Towarowa 9<\/p>\n<p style=\"text-align: center;\">Tel.:<br \/>\n+48 602 612 693<\/p>\n<p>&nbsp;<\/p>\n<p style=\"text-align: center;\"><img decoding=\"async\" loading=\"lazy\" class=\"size-medium wp-image-5 aligncenter\" src=\"https:\/\/deltabike.pl\/wp-content\/uploads\/2017\/04\/Logo-DeltaBike-40p-300x61.png\" alt=\"\" width=\"300\" height=\"61\" srcset=\"https:\/\/deltabike.pl\/wp-content\/uploads\/2017\/04\/Logo-DeltaBike-40p-300x61.png 300w, https:\/\/deltabike.pl\/wp-content\/uploads\/2017\/04\/Logo-DeltaBike-40p.png 464w\" sizes=\"(max-width: 300px) 100vw, 300px\" \/><\/p>\n<\/td>\n<td>\n<div class=\"wpcf7 no-js\" id=\"wpcf7-f310-o1\" lang=\"pl-PL\" dir=\"ltr\">\n<div class=\"screen-reader-response\"><p role=\"status\" aria-live=\"polite\" aria-atomic=\"true\"><\/p> <ul><\/ul><\/div>\n<form action=\"\/index.php\/wp-json\/wp\/v2\/pages\/102#wpcf7-f310-o1\" method=\"post\" class=\"wpcf7-form init\" aria-label=\"Formularz kontaktowy\" novalidate=\"novalidate\" data-status=\"init\">\n<div style=\"display: none;\">\n<input type=\"hidden\" name=\"_wpcf7\" value=\"310\" \/>\n<input type=\"hidden\" name=\"_wpcf7_version\" value=\"5.7.4\" \/>\n<input type=\"hidden\" name=\"_wpcf7_locale\" value=\"pl_PL\" \/>\n<input type=\"hidden\" name=\"_wpcf7_unit_tag\" value=\"wpcf7-f310-o1\" \/>\n<input type=\"hidden\" name=\"_wpcf7_container_post\" value=\"0\" \/>\n<input type=\"hidden\" name=\"_wpcf7_posted_data_hash\" value=\"\" \/>\n<\/div>\n<p style=\"font-size:12px\">Imi\u0119 i nazwisko (wymagane)\n<\/p>\n<p><span class=\"wpcf7-form-control-wrap\" data-name=\"your-name\"><input size=\"40\" class=\"wpcf7-form-control wpcf7-text wpcf7-validates-as-required\" aria-required=\"true\" aria-invalid=\"false\" value=\"\" type=\"text\" name=\"your-name\" \/><\/span>\n<\/p>\n<p style=\"font-size:12px\">Adres e-mail (wymagany)\n<\/p>\n<p><span class=\"wpcf7-form-control-wrap\" data-name=\"your-email\"><input size=\"40\" class=\"wpcf7-form-control wpcf7-text wpcf7-email wpcf7-validates-as-required wpcf7-validates-as-email\" aria-required=\"true\" aria-invalid=\"false\" value=\"\" type=\"email\" name=\"your-email\" \/><\/span>\n<\/p>\n<p style=\"font-size:12px\">Temat\n<\/p>\n<p><span class=\"wpcf7-form-control-wrap\" data-name=\"your-subject\"><input size=\"40\" class=\"wpcf7-form-control wpcf7-text\" aria-invalid=\"false\" value=\"\" type=\"text\" name=\"your-subject\" \/><\/span>\n<\/p>\n<p style=\"font-size:12px\">Tre\u015b\u0107 wiadomo\u015bci\n<\/p>\n<p><span class=\"wpcf7-form-control-wrap\" data-name=\"your-message\"><textarea cols=\"40\" rows=\"10\" class=\"wpcf7-form-control wpcf7-textarea\" aria-invalid=\"false\" name=\"your-message\"><\/textarea><\/span>\n<\/p>\n<p style=\"text-align:center\">[recaptcha]\n<\/p>\n<p style=\"font-size:12px\"><input class=\"wpcf7-form-control has-spinner wpcf7-submit\" type=\"submit\" value=\"Wy\u015blij\" \/>\n<\/p><div class=\"wpcf7-response-output\" aria-hidden=\"true\"><\/div>\n<\/form>\n<\/div>\n<\/td>\n<\/tr>\n<\/tbody>\n<\/table>\n","protected":false},"excerpt":{"rendered":"<p>W\u0142a\u015bcicielem marki Deltabike jest: Biuro Techniczno-Handlowe ECO-TECH s.c. 44-100 Gliwice, ul. Towarowa 9 Tel.: +48 602 612 693 &nbsp;<\/p>\n","protected":false},"author":2,"featured_media":0,"parent":0,"menu_order":0,"comment_status":"closed","ping_status":"closed","template":"template-contact.php","meta":[],"_links":{"self":[{"href":"https:\/\/deltabike.pl\/index.php\/wp-json\/wp\/v2\/pages\/102"}],"collection":[{"href":"https:\/\/deltabike.pl\/index.php\/wp-json\/wp\/v2\/pages"}],"about":[{"href":"https:\/\/deltabike.pl\/index.php\/wp-json\/wp\/v2\/types\/page"}],"author":[{"embeddable":true,"href":"https:\/\/deltabike.pl\/index.php\/wp-json\/wp\/v2\/users\/2"}],"replies":[{"embeddable":true,"href":"https:\/\/deltabike.pl\/index.php\/wp-json\/wp\/v2\/comments?post=102"}],"version-history":[{"count":32,"href":"https:\/\/deltabike.pl\/index.php\/wp-json\/wp\/v2\/pages\/102\/revisions"}],"predecessor-version":[{"id":492,"href":"https:\/\/deltabike.pl\/index.php\/wp-json\/wp\/v2\/pages\/102\/revisions\/492"}],"wp:attachment":[{"href":"https:\/\/deltabike.pl\/index.php\/wp-json\/wp\/v2\/media?parent=102"}],"curies":[{"name":"wp","href":"https:\/\/api.w.org\/{rel}","templated":true}]}}