{"id":2,"date":"2017-04-22T13:26:19","date_gmt":"2017-04-22T11:26:19","guid":{"rendered":"https:\/\/deltabike.pl\/?page_id=2"},"modified":"2018-07-19T02:12:55","modified_gmt":"2018-07-19T00:12:55","slug":"o-nas","status":"publish","type":"page","link":"https:\/\/deltabike.pl\/index.php\/o-nas\/","title":{"rendered":"O nas"},"content":{"rendered":"<p><img decoding=\"async\" loading=\"lazy\" class=\"alignleft wp-image-147 size-full\" src=\"https:\/\/deltabike.pl\/wp-content\/uploads\/2017\/04\/FRY_4614-lq-1.jpg\" alt=\"\" width=\"500\" height=\"333\" \/><\/p>\n<p>Obserwuj\u0105c ulice naszych miast mo\u017cna dostrzec rosn\u0105c\u0105 z roku na rok popularno\u015b\u0107 rower\u00f3w. Niskie koszty, \u0142atwo\u015b\u0107 przemieszczania si\u0119, szeroko poj\u0119ta ekologia to argumenty przemawiaj\u0105ce za tego rodzaju transportem. Interesuj\u0105cym jednak jest fakt, jak niewiele spotyka si\u0119 rower\u00f3w tr\u00f3jko\u0142owych.<\/p>\n<p>Ten rodzaj pojazdu zapewnia du\u017c\u0105 stabilno\u015b\u0107, umo\u017cliwia powoln\u0105, spacerow\u0105 jazd\u0119, u\u0142atwia rehabilitacj\u0119. Kieruj\u0105cy takim rowerem mo\u017ce zredukowa\u0107 pr\u0119dko\u015b\u0107 do minimum, zatrzyma\u0107 si\u0119 bez \u015bci\u0105gania n\u00f3g z peda\u0142\u00f3w nie ryzykuj\u0105c wywrotki b\u0105d\u017a potr\u0105cenia innych uczestnik\u00f3w ruchu, w tym pieszych.<\/p>\n<p><!--more--><\/p>\n<p>Zainteresowa\u0142o nas w jak niewielkim stopniu ewoluowa\u0142y rowery tr\u00f3jko\u0142owe w por\u00f3wnaniu do ich dwuko\u0142owych braci. Naszym zdaniem ma\u0142a popularno\u015b\u0107 tego typu rower\u00f3w wynika z ich sporych rozmiar\u00f3w na drodze lub chodniku. Trudno\u015bci w transporcie a tak\u017ce wygl\u0105d nie zmieniaj\u0105cy si\u0119 od lat r\u00f3wnie\u017c zniech\u0119ca\u0142y potencjalnych u\u017cytkownik\u00f3w.<\/p>\n<p>Postanowili\u015bmy wi\u0119c nieco inaczej spojrze\u0107 na tego typu rower i tak powsta\u0142 Deltabike. Rower tr\u00f3jko\u0142owy, spacerowy, sk\u0142adany z nap\u0119dem przednim. W niedalekiej przysz\u0142o\u015bci zaoferujemy kolejne pojazdy oparte na pierwszym rowerze Deltabike.<\/p>\n","protected":false},"excerpt":{"rendered":"<p>Obserwuj\u0105c ulice naszych miast mo\u017cna dostrzec rosn\u0105c\u0105 z roku na rok popularno\u015b\u0107 rower\u00f3w. Niskie koszty, \u0142atwo\u015b\u0107 przemieszczania si\u0119, szeroko poj\u0119ta ekologia to argumenty przemawiaj\u0105ce za tego rodzaju transportem. Interesuj\u0105cym jednak jest fakt, jak niewiele spotyka si\u0119 rower\u00f3w tr\u00f3jko\u0142owych. Ten rodzaj pojazdu zapewnia du\u017c\u0105 stabilno\u015b\u0107, umo\u017cliwia powoln\u0105, spacerow\u0105 jazd\u0119, u\u0142atwia rehabilitacj\u0119. Kieruj\u0105cy takim rowerem mo\u017ce zredukowa\u0107 [&hellip;]<\/p>\n","protected":false},"author":1,"featured_media":396,"parent":0,"menu_order":0,"comment_status":"closed","ping_status":"open","template":"","meta":[],"_links":{"self":[{"href":"https:\/\/deltabike.pl\/index.php\/wp-json\/wp\/v2\/pages\/2"}],"collection":[{"href":"https:\/\/deltabike.pl\/index.php\/wp-json\/wp\/v2\/pages"}],"about":[{"href":"https:\/\/deltabike.pl\/index.php\/wp-json\/wp\/v2\/types\/page"}],"author":[{"embeddable":true,"href":"https:\/\/deltabike.pl\/index.php\/wp-json\/wp\/v2\/users\/1"}],"replies":[{"embeddable":true,"href":"https:\/\/deltabike.pl\/index.php\/wp-json\/wp\/v2\/comments?post=2"}],"version-history":[{"count":9,"href":"https:\/\/deltabike.pl\/index.php\/wp-json\/wp\/v2\/pages\/2\/revisions"}],"predecessor-version":[{"id":460,"href":"https:\/\/deltabike.pl\/index.php\/wp-json\/wp\/v2\/pages\/2\/revisions\/460"}],"wp:featuredmedia":[{"embeddable":true,"href":"https:\/\/deltabike.pl\/index.php\/wp-json\/wp\/v2\/media\/396"}],"wp:attachment":[{"href":"https:\/\/deltabike.pl\/index.php\/wp-json\/wp\/v2\/media?parent=2"}],"curies":[{"name":"wp","href":"https:\/\/api.w.org\/{rel}","templated":true}]}}