{"id":212,"date":"2015-10-05T18:58:07","date_gmt":"2015-10-05T16:58:07","guid":{"rendered":"http:\/\/demo.shufflehound.com\/maskitto-light-blue\/?page_id=29"},"modified":"2018-07-19T02:22:32","modified_gmt":"2018-07-19T00:22:32","slug":"deltabike_podstawowy","status":"publish","type":"page","link":"https:\/\/deltabike.pl\/index.php\/deltabike_podstawowy\/","title":{"rendered":"Deltabike &#8211; podstawowy"},"content":{"rendered":"<p><img decoding=\"async\" loading=\"lazy\" class=\"alignright wp-image-147 size-full\" src=\"https:\/\/deltabike.pl\/wp-content\/uploads\/2017\/04\/FRY_4631-lq.jpg\" alt=\"\" width=\"500\" height=\"333\" \/><\/p>\n<p>Rower tr\u00f3jko\u0142owy Deltabike posiada wyj\u0105tkow\u0105 konstrukcj\u0119. Umo\u017cliwi\u0142a ona zmniejszenie jego rozmiar\u00f3w dzi\u0119ki czemu ju\u017c na drodze lub chodniku zajmuje ma\u0142o miejsca. Do tego po z\u0142o\u017ceniu mo\u017cna go przewie\u017a\u0107 w samochodzie. Schowanie roweru na zim\u0119 lub w ciasnym pomieszczeniu, na balkonie te\u017c nie stanowi problemu. Nasz rower posiada r\u00f3wnie\u017c unikaln\u0105 przek\u0142adni\u0119, kt\u00f3ra umo\u017cliwia bardzo lekk\u0105, powoln\u0105 jazd\u0119 na biegu pierwszym b\u0105d\u017a szybsz\u0105 na biegu drugim.<\/p>\n<p><!--more--><\/p>\n<p>Rower przeznaczony jest do spokojnej, spacerowej jazdy po \u015bcie\u017ckach rowerowych, w zat\u0142oczonych miastach, na terenach wielkich centr\u00f3w handlowych. Pomocny mo\u017ce by\u0107 w rehabilitacji. Mo\u017ce by\u0107 doskona\u0142ym narz\u0119dziem do zaktywizowania os\u00f3b wymagaj\u0105cych bardziej stabilnego \u015brodka transportu. Jednocze\u015bnie umo\u017cliwia zabieranie go ze sob\u0105 na urlop b\u0105d\u017a schowanie w niewielkim pomieszczeniu.<\/p>\n<p>Deltabike posiada skr\u0119tne tylne ko\u0142a, kt\u00f3re umo\u017cliwiaj\u0105 jego sk\u0142adanie a ich specjalna konstrukcja przechyla lekko rower do wewn\u0105trz zakr\u0119tu &#8220;podpowiadaj\u0105c&#8221; i u\u0142atwiaj\u0105c balans cia\u0142em w trakcie skr\u0119cania. S\u0105 one r\u00f3wnie\u017c amortyzowane co poprawia komfort jazdy. Zastosowanie przek\u0142adni planetarnej do nap\u0119du umo\u017cliwi\u0142o wyeliminowanie \u0142a\u0144cucha a aluminiowa rama, pomimo sk\u0142adania i amortyzacji uczyni\u0142a ca\u0142\u0105 konstrukcj\u0119 lekk\u0105. Dodatkowo specjalnie zaprojektowane, szerokie siode\u0142ko wraz z oparciem umo\u017cliwi\u0142o zaj\u0119cie wygodnej, siedz\u0105cej pozycji z wyprostowanymi nogami. Pomy\u015bleli\u015bmy te\u017c o<br \/>\nunowocze\u015bnieniu wygl\u0105du wzgl\u0119dem tradycyjnych rower\u00f3w tr\u00f3jko\u0142owych.<\/p>\n<hr \/>\n<p>&nbsp;<\/p>\n<p style=\"text-align: center;\"><strong>Dane techniczne (po z\u0142o\u017ceniu):<\/strong><\/p>\n<p style=\"text-align: center;\">D\u0142ugo\u015b\u0107: 149(134) cm<br \/>\nSzeroko\u015b\u0107: 74(45) cm<br \/>\nWysoko\u015b\u0107: 104(74) cm<br \/>\nRozstaw osi: 100 cm<br \/>\nMasa: 22 kg<br \/>\nKo\u0142a: 20&#8243;<br \/>\nObci\u0105\u017cenie: 100 kg<br \/>\nIlo\u015b\u0107 prze\u0142o\u017ce\u0144: 2<\/p>\n","protected":false},"excerpt":{"rendered":"<p>Rower tr\u00f3jko\u0142owy Deltabike posiada wyj\u0105tkow\u0105 konstrukcj\u0119. Umo\u017cliwi\u0142a ona zmniejszenie jego rozmiar\u00f3w dzi\u0119ki czemu ju\u017c na drodze lub chodniku zajmuje ma\u0142o miejsca. Do tego po z\u0142o\u017ceniu mo\u017cna go przewie\u017a\u0107 w samochodzie. Schowanie roweru na zim\u0119 lub w ciasnym pomieszczeniu, na balkonie te\u017c nie stanowi problemu. Nasz rower posiada r\u00f3wnie\u017c unikaln\u0105 przek\u0142adni\u0119, kt\u00f3ra umo\u017cliwia bardzo lekk\u0105, powoln\u0105 [&hellip;]<\/p>\n","protected":false},"author":2,"featured_media":0,"parent":0,"menu_order":0,"comment_status":"closed","ping_status":"closed","template":"","meta":[],"_links":{"self":[{"href":"https:\/\/deltabike.pl\/index.php\/wp-json\/wp\/v2\/pages\/212"}],"collection":[{"href":"https:\/\/deltabike.pl\/index.php\/wp-json\/wp\/v2\/pages"}],"about":[{"href":"https:\/\/deltabike.pl\/index.php\/wp-json\/wp\/v2\/types\/page"}],"author":[{"embeddable":true,"href":"https:\/\/deltabike.pl\/index.php\/wp-json\/wp\/v2\/users\/2"}],"replies":[{"embeddable":true,"href":"https:\/\/deltabike.pl\/index.php\/wp-json\/wp\/v2\/comments?post=212"}],"version-history":[{"count":23,"href":"https:\/\/deltabike.pl\/index.php\/wp-json\/wp\/v2\/pages\/212\/revisions"}],"predecessor-version":[{"id":466,"href":"https:\/\/deltabike.pl\/index.php\/wp-json\/wp\/v2\/pages\/212\/revisions\/466"}],"wp:attachment":[{"href":"https:\/\/deltabike.pl\/index.php\/wp-json\/wp\/v2\/media?parent=212"}],"curies":[{"name":"wp","href":"https:\/\/api.w.org\/{rel}","templated":true}]}}